{"id":535,"date":"2026-04-10T18:52:16","date_gmt":"2026-04-10T18:52:16","guid":{"rendered":"https:\/\/demateo.mx\/?post_type=product&#038;p=535"},"modified":"2026-04-10T22:32:48","modified_gmt":"2026-04-10T22:32:48","slug":"registro-para-cuerpo-no-clasificado-2026-5","status":"publish","type":"product","link":"https:\/\/demateo.mx\/en\/tienda\/registro-para-cuerpo-no-clasificado-2026-5\/","title":{"rendered":"REGISTRATION FOR THE BODY IS NOT RATED, 2026"},"content":{"rendered":"<p>FRAGMENTOS DE UN HORIZONTE HUMANO<br \/>\nPor Antonio S\u00e1nchez. Director y curador de 1819 art gallery<\/p>\n<p>Esta colecci\u00f3n presenta un di\u00e1logo intenso y profundamente contemplativo entre la humanidad y el entorno que la rodea. A trav\u00e9s de una rica amalgama de estilos pict\u00f3ricos, las obras exploran los umbrales del tiempo, la memoria y el espacio, sugiriendo una conexi\u00f3n intr\u00ednseca entre lo humano y lo natural. Estas piezas no son simplemente im\u00e1genes capturadas en el lienzo, sino fragmentos de un universo emocional y simb\u00f3lico que se despliega ante los ojos del espectador.\u2028Cada obra est\u00e1 dotada de una narrativa visual en la que la composici\u00f3n juega un papel fundamental. En piezas como aquella en la que una madre sostiene a su hijo en una barca, el peso emocional radica en las l\u00edneas suaves y fluidas que conectan las figuras humanas con el movimiento del agua. Este dinamismo compositivo no solo captura el flujo de la escena, sino que tambi\u00e9n introduce al espectador en un estado de introspecci\u00f3n, donde la barca se convierte en una met\u00e1fora del tr\u00e1nsito y la resiliencia.<br \/>\nEn contraste, las representaciones de paisajes con cielos encendidos y nubes tormentosas evocan un dramatismo casi teatral. Las pinceladas, a veces vigorosas, otras delicadas, construyen un ritmo visual que alterna entre la calma y la agitaci\u00f3n. Como bien se\u00f1ala el cr\u00edtico de arte John Berger: &#8220;El paisaje nunca es solo lo que vemos, sino c\u00f3mo lo vemos&#8221;, y en esta colecci\u00f3n, los paisajes se convierten en un espejo emocional del observador.\u2028La paleta crom\u00e1tica es tan rica como variada, oscilando entre los c\u00e1lidos tonos del atardecer y la sobriedad de los fondos oscuros. Los naranjas y amarillos de los cielos transmiten la energ\u00eda del sol descendente, una fuerza vital que se contrapone a la desnudez de los \u00e1rboles secos, que parecen aludir a una naturaleza agotada pero a\u00fan resistente. Por otro lado, los tonos verdes y azules profundos evocan una conexi\u00f3n con la vida, el crecimiento y la regeneraci\u00f3n.<\/p>","protected":false},"excerpt":{"rendered":"<p>FRAGMENTOS DE UN HORIZONTE HUMANO<br \/>\nPor Antonio S\u00e1nchez. Director y curador de 1819 art gallery<\/p>","protected":false},"featured_media":829,"comment_status":"open","ping_status":"closed","template":"","meta":{"_eb_attr":""},"product_brand":[],"product_cat":[19],"product_tag":[],"wpgf_label":[],"class_list":{"0":"post-535","1":"product","2":"type-product","3":"status-publish","4":"has-post-thumbnail","6":"product_cat-serie-1","8":"first","9":"instock","10":"shipping-taxable","11":"product-type-external"},"_links":{"self":[{"href":"https:\/\/demateo.mx\/en\/wp-json\/wp\/v2\/product\/535","targetHints":{"allow":["GET"]}}],"collection":[{"href":"https:\/\/demateo.mx\/en\/wp-json\/wp\/v2\/product"}],"about":[{"href":"https:\/\/demateo.mx\/en\/wp-json\/wp\/v2\/types\/product"}],"replies":[{"embeddable":true,"href":"https:\/\/demateo.mx\/en\/wp-json\/wp\/v2\/comments?post=535"}],"wp:featuredmedia":[{"embeddable":true,"href":"https:\/\/demateo.mx\/en\/wp-json\/wp\/v2\/media\/829"}],"wp:attachment":[{"href":"https:\/\/demateo.mx\/en\/wp-json\/wp\/v2\/media?parent=535"}],"wp:term":[{"taxonomy":"product_brand","embeddable":true,"href":"https:\/\/demateo.mx\/en\/wp-json\/wp\/v2\/product_brand?post=535"},{"taxonomy":"product_cat","embeddable":true,"href":"https:\/\/demateo.mx\/en\/wp-json\/wp\/v2\/product_cat?post=535"},{"taxonomy":"product_tag","embeddable":true,"href":"https:\/\/demateo.mx\/en\/wp-json\/wp\/v2\/product_tag?post=535"},{"taxonomy":"wpgf_label","embeddable":true,"href":"https:\/\/demateo.mx\/en\/wp-json\/wp\/v2\/wpgf_label?post=535"}],"curies":[{"name":"wp","href":"https:\/\/api.w.org\/{rel}","templated":true}]}}